{"id":19090,"date":"2025-04-10T17:34:39","date_gmt":"2025-04-10T15:34:39","guid":{"rendered":"https:\/\/elencinar.serverspickandroll.eu\/historia\/"},"modified":"2025-07-03T14:30:33","modified_gmt":"2025-07-03T12:30:33","slug":"history","status":"publish","type":"page","link":"https:\/\/elencinar.serverspickandroll.eu\/en\/history\/","title":{"rendered":"History"},"content":{"rendered":"\t\t<div data-elementor-type=\"wp-page\" data-elementor-id=\"19090\" class=\"elementor elementor-19090 elementor-17805\">\n\t\t\t\t\t\t<section class=\"elementor-section elementor-top-section elementor-element elementor-element-b147f27 elementor-section-stretched elementor-section-height-min-height elementor-section-boxed elementor-section-height-default elementor-section-items-middle exad-glass-effect-no exad-sticky-section-no\" data-id=\"b147f27\" data-element_type=\"section\" data-settings=\"{&quot;stretch_section&quot;:&quot;section-stretched&quot;,&quot;background_background&quot;:&quot;classic&quot;}\">\n\t\t\t\t\t\t\t<div class=\"elementor-background-overlay\"><\/div>\n\t\t\t\t\t\t\t<div class=\"elementor-container elementor-column-gap-default\">\n\t\t\t\t\t<div class=\"elementor-column elementor-col-100 elementor-top-column elementor-element elementor-element-1c7ef66 exad-glass-effect-no exad-sticky-section-no\" data-id=\"1c7ef66\" data-element_type=\"column\">\n\t\t\t<div class=\"elementor-widget-wrap elementor-element-populated\">\n\t\t\t\t\t\t<section class=\"elementor-section elementor-inner-section elementor-element elementor-element-832f136 elementor-section-boxed elementor-section-height-default elementor-section-height-default exad-glass-effect-no exad-sticky-section-no\" data-id=\"832f136\" data-element_type=\"section\">\n\t\t\t\t\t\t<div class=\"elementor-container elementor-column-gap-default\">\n\t\t\t\t\t<div class=\"elementor-column elementor-col-50 elementor-inner-column elementor-element elementor-element-b488bd4 exad-glass-effect-no exad-sticky-section-no\" data-id=\"b488bd4\" data-element_type=\"column\">\n\t\t\t<div class=\"elementor-widget-wrap elementor-element-populated\">\n\t\t\t\t\t\t<div class=\"elementor-element elementor-element-47da1c7 exad-sticky-section-no exad-glass-effect-no elementor-widget elementor-widget-heading\" data-id=\"47da1c7\" data-element_type=\"widget\" data-widget_type=\"heading.default\">\n\t\t\t\t<div class=\"elementor-widget-container\">\n\t\t\t\t\t<h2 class=\"elementor-heading-title elementor-size-default\">VIVIR EN EL ENCINAR<\/h2>\t\t\t\t<\/div>\n\t\t\t\t<\/div>\n\t\t\t\t<div class=\"elementor-element elementor-element-5f1a2d6 animated-slow exad-sticky-section-no exad-glass-effect-no elementor-invisible elementor-widget elementor-widget-houzez_elementor_section_title\" data-id=\"5f1a2d6\" data-element_type=\"widget\" data-settings=\"{&quot;_animation&quot;:&quot;fadeIn&quot;}\" data-widget_type=\"houzez_elementor_section_title.default\">\n\t\t\t\t<div class=\"elementor-widget-container\">\n\t\t\t\t\t            <div class=\"houzez_section_title_wrap section-title-module\">\n                                    <h2 class=\"houzez_section_title\">Historia del<br> Encinar de los Reyes<\/h2>\n                \n                            <\/div>\n            \t\t\t\t<\/div>\n\t\t\t\t<\/div>\n\t\t\t\t\t<\/div>\n\t\t<\/div>\n\t\t\t\t<div class=\"elementor-column elementor-col-50 elementor-inner-column elementor-element elementor-element-5dacfcd exad-glass-effect-no exad-sticky-section-no\" data-id=\"5dacfcd\" data-element_type=\"column\">\n\t\t\t<div class=\"elementor-widget-wrap\">\n\t\t\t\t\t\t\t<\/div>\n\t\t<\/div>\n\t\t\t\t\t<\/div>\n\t\t<\/section>\n\t\t\t\t\t<\/div>\n\t\t<\/div>\n\t\t\t\t\t<\/div>\n\t\t<\/section>\n\t\t\t\t<section class=\"elementor-section elementor-top-section elementor-element elementor-element-de5d104 elementor-section-content-middle elementor-section-stretched elementor-section-boxed elementor-section-height-default elementor-section-height-default exad-glass-effect-no exad-sticky-section-no\" data-id=\"de5d104\" data-element_type=\"section\" data-settings=\"{&quot;stretch_section&quot;:&quot;section-stretched&quot;}\">\n\t\t\t\t\t\t<div class=\"elementor-container elementor-column-gap-wide\">\n\t\t\t\t\t<div class=\"elementor-column elementor-col-100 elementor-top-column elementor-element elementor-element-7ffe80e exad-glass-effect-no exad-sticky-section-no\" data-id=\"7ffe80e\" data-element_type=\"column\">\n\t\t\t<div class=\"elementor-widget-wrap elementor-element-populated\">\n\t\t\t\t\t\t<div class=\"elementor-element elementor-element-099ac5f exad-sticky-section-no exad-glass-effect-no elementor-widget elementor-widget-heading\" data-id=\"099ac5f\" data-element_type=\"widget\" data-widget_type=\"heading.default\">\n\t\t\t\t<div class=\"elementor-widget-container\">\n\t\t\t\t\t<h2 class=\"elementor-heading-title elementor-size-default\">El Encinar de los Reyes o \u00bfRoyal Oaks?<\/h2>\t\t\t\t<\/div>\n\t\t\t\t<\/div>\n\t\t\t\t<div class=\"elementor-element elementor-element-1ee3d83 elementor-widget__width-initial exad-sticky-section-no exad-glass-effect-no elementor-widget elementor-widget-text-editor\" data-id=\"1ee3d83\" data-element_type=\"widget\" data-widget_type=\"text-editor.default\">\n\t\t\t\t<div class=\"elementor-widget-container\">\n\t\t\t\t\t\t\t\t\t<p><span style=\"white-space-collapse: preserve;\">El principio de este lugar que da nombre a nuestro grupo inmobiliario y tambi\u00e9n a toda esta zona, comenz\u00f3 siendo una gran urbanizaci\u00f3n arrendada al ej\u00e9rcito estadounidense, y pas\u00f3 a convertirse desde una \u201cLittle Am\u00e9rica\u201d a una de las zonas m\u00e1s exclusivas y c\u00f3modas de Madrid.<\/span><\/p>\n\t\t\t\t\t\t\t\t<\/div>\n\t\t\t\t<\/div>\n\t\t\t\t\t<\/div>\n\t\t<\/div>\n\t\t\t\t\t<\/div>\n\t\t<\/section>\n\t\t\t\t<section class=\"elementor-section elementor-top-section elementor-element elementor-element-995af2 elementor-section-content-middle elementor-section-stretched elementor-section-full_width elementor-section-height-default elementor-section-height-default exad-glass-effect-no exad-sticky-section-no\" data-id=\"995af2\" data-element_type=\"section\" data-settings=\"{&quot;stretch_section&quot;:&quot;section-stretched&quot;,&quot;background_background&quot;:&quot;classic&quot;}\">\n\t\t\t\t\t\t<div class=\"elementor-container elementor-column-gap-wider\">\n\t\t\t\t\t<div class=\"elementor-column elementor-col-100 elementor-top-column elementor-element elementor-element-4888ba6e exad-glass-effect-no exad-sticky-section-no\" data-id=\"4888ba6e\" data-element_type=\"column\" data-settings=\"{&quot;background_background&quot;:&quot;slideshow&quot;,&quot;background_slideshow_gallery&quot;:[],&quot;background_slideshow_loop&quot;:&quot;yes&quot;,&quot;background_slideshow_slide_duration&quot;:5000,&quot;background_slideshow_slide_transition&quot;:&quot;fade&quot;,&quot;background_slideshow_transition_duration&quot;:500}\">\n\t\t\t<div class=\"elementor-widget-wrap elementor-element-populated\">\n\t\t\t\t<div class=\"elementor-element elementor-element-58dc0a1 e-grid e-con-boxed e-con e-parent\" data-id=\"58dc0a1\" data-element_type=\"container\">\n\t\t\t\t\t<div class=\"e-con-inner\">\n\t\t<div class=\"elementor-element elementor-element-dae3969 e-con-full e-flex e-con e-child\" data-id=\"dae3969\" data-element_type=\"container\">\n\t\t\t\t<div class=\"elementor-element elementor-element-daf51c1 exad-sticky-section-no exad-glass-effect-no elementor-widget elementor-widget-image\" data-id=\"daf51c1\" data-element_type=\"widget\" data-widget_type=\"image.default\">\n\t\t\t\t<div class=\"elementor-widget-container\">\n\t\t\t\t\t\t\t\t\t\t\t\t\t\t\t<img fetchpriority=\"high\" decoding=\"async\" width=\"591\" height=\"528\" src=\"https:\/\/elencinar.serverspickandroll.eu\/wp-content\/uploads\/2025\/04\/Frame-106.png\" class=\"attachment-large size-large wp-image-18877\" alt=\"\" srcset=\"https:\/\/elencinar.serverspickandroll.eu\/wp-content\/uploads\/2025\/04\/Frame-106.png 591w, https:\/\/elencinar.serverspickandroll.eu\/wp-content\/uploads\/2025\/04\/Frame-106-300x268.png 300w, https:\/\/elencinar.serverspickandroll.eu\/wp-content\/uploads\/2025\/04\/Frame-106-496x443.png 496w\" sizes=\"(max-width: 591px) 100vw, 591px\" \/>\t\t\t\t\t\t\t\t\t\t\t\t\t\t\t<\/div>\n\t\t\t\t<\/div>\n\t\t\t\t<\/div>\n\t\t<div class=\"elementor-element elementor-element-9167124 e-con-full e-flex e-con e-child\" data-id=\"9167124\" data-element_type=\"container\">\n\t\t\t\t<div class=\"elementor-element elementor-element-0ab92b0 exad-sticky-section-no exad-glass-effect-no elementor-widget elementor-widget-heading\" data-id=\"0ab92b0\" data-element_type=\"widget\" data-widget_type=\"heading.default\">\n\t\t\t\t<div class=\"elementor-widget-container\">\n\t\t\t\t\t<h2 class=\"elementor-heading-title elementor-size-default\">Little Am\u00e9rica en el Madrid<br> m\u00e1s castizo<\/h2>\t\t\t\t<\/div>\n\t\t\t\t<\/div>\n\t\t\t\t<div class=\"elementor-element elementor-element-1947bec exad-sticky-section-no exad-glass-effect-no elementor-widget elementor-widget-text-editor\" data-id=\"1947bec\" data-element_type=\"widget\" data-widget_type=\"text-editor.default\">\n\t\t\t\t<div class=\"elementor-widget-container\">\n\t\t\t\t\t\t\t\t\t<p><strong>Antes de 1992, la vida en El Encinar de los Reyes era un reflejo del estilo americano<\/strong>. Sus calles estaban llenas de coches del sheriff, se\u00f1ales en millas y autobuses escolares amarillos.<\/p>\n<p>Cada d\u00eda aterrizaban aviones con The New York Times y equipaciones de b\u00e9isbol, mientras sus casas con vallas blancas acog\u00edan celebraciones como Acci\u00f3n de Gracias y Halloween. Equipos de b\u00e9isbol y baloncesto entrenaban en sus instalaciones, y la comunidad disfrutaba de un <strong>estilo de vida t\u00edpicamente estadounidense, pero a solo unos kil\u00f3metros de Madrid<\/strong>.<\/p>\n<p>Hoy, quienes vivieron all\u00ed recuerdan con especial cari\u00f1o aquellos a\u00f1os. Un grupo de Facebook y distintos foros mantienen vivo el legado de esta peque\u00f1a \u201c<strong>Little America<\/strong>\u201d, compartiendo an\u00e9cdotas y fotograf\u00edas que reflejan la huella imborrable que dej\u00f3 El Encinar en varias generaciones.<\/p>\n\t\t\t\t\t\t\t\t<\/div>\n\t\t\t\t<\/div>\n\t\t\t\t<\/div>\n\t\t\t\t\t<\/div>\n\t\t\t\t<\/div>\n\t\t\t\t\t<\/div>\n\t\t<\/div>\n\t\t\t\t\t<\/div>\n\t\t<\/section>\n\t\t\t\t<section class=\"elementor-section elementor-top-section elementor-element elementor-element-e931836 elementor-section-content-middle elementor-section-stretched elementor-section-full_width elementor-section-height-default elementor-section-height-default exad-glass-effect-no exad-sticky-section-no\" data-id=\"e931836\" data-element_type=\"section\" data-settings=\"{&quot;stretch_section&quot;:&quot;section-stretched&quot;,&quot;background_background&quot;:&quot;classic&quot;}\">\n\t\t\t\t\t\t<div class=\"elementor-container elementor-column-gap-wider\">\n\t\t\t\t\t<div class=\"elementor-column elementor-col-100 elementor-top-column elementor-element elementor-element-735bea3 exad-glass-effect-no exad-sticky-section-no\" data-id=\"735bea3\" data-element_type=\"column\" data-settings=\"{&quot;background_background&quot;:&quot;slideshow&quot;,&quot;background_slideshow_gallery&quot;:[],&quot;background_slideshow_loop&quot;:&quot;yes&quot;,&quot;background_slideshow_slide_duration&quot;:5000,&quot;background_slideshow_slide_transition&quot;:&quot;fade&quot;,&quot;background_slideshow_transition_duration&quot;:500}\">\n\t\t\t<div class=\"elementor-widget-wrap elementor-element-populated\">\n\t\t\t\t<div class=\"elementor-element elementor-element-a4358e7 e-grid e-con-boxed e-con e-parent\" data-id=\"a4358e7\" data-element_type=\"container\">\n\t\t\t\t\t<div class=\"e-con-inner\">\n\t\t<div class=\"elementor-element elementor-element-307559a e-con-full e-flex e-con e-child\" data-id=\"307559a\" data-element_type=\"container\">\n\t\t\t\t<div class=\"elementor-element elementor-element-c856f87 exad-sticky-section-no exad-glass-effect-no elementor-widget elementor-widget-heading\" data-id=\"c856f87\" data-element_type=\"widget\" data-widget_type=\"heading.default\">\n\t\t\t\t<div class=\"elementor-widget-container\">\n\t\t\t\t\t<h2 class=\"elementor-heading-title elementor-size-default\">En el 92, el made in USA dej\u00f3 paso al fabricado en Espa\u00f1a<\/h2>\t\t\t\t<\/div>\n\t\t\t\t<\/div>\n\t\t\t\t<div class=\"elementor-element elementor-element-237e23b exad-sticky-section-no exad-glass-effect-no elementor-widget elementor-widget-text-editor\" data-id=\"237e23b\" data-element_type=\"widget\" data-widget_type=\"text-editor.default\">\n\t\t\t\t<div class=\"elementor-widget-container\">\n\t\t\t\t\t\t\t\t\t<p><strong>Antes de 1992, la vida en El Encinar de los Reyes era un reflejo del estilo americano<\/strong>. Sus calles estaban llenas de coches del sheriff, se\u00f1ales en millas y autobuses escolares amarillos.<\/p>\n<p>Cada d\u00eda aterrizaban aviones con The New York Times y equipaciones de b\u00e9isbol, mientras sus casas con vallas blancas acog\u00edan celebraciones como Acci\u00f3n de Gracias y Halloween. Equipos de b\u00e9isbol y baloncesto entrenaban en sus instalaciones, y la comunidad disfrutaba de un <strong>estilo de vida t\u00edpicamente estadounidense, pero a solo unos kil\u00f3metros de Madrid<\/strong>.<\/p>\n<p>Hoy, quienes vivieron all\u00ed recuerdan con especial cari\u00f1o aquellos a\u00f1os. Un grupo de Facebook y distintos foros mantienen vivo el legado de esta peque\u00f1a \u201c<strong>Little America<\/strong>\u201d, compartiendo an\u00e9cdotas y fotograf\u00edas que reflejan la huella imborrable que dej\u00f3 El Encinar en varias generaciones.<\/p>\n\t\t\t\t\t\t\t\t<\/div>\n\t\t\t\t<\/div>\n\t\t\t\t<\/div>\n\t\t<div class=\"elementor-element elementor-element-20956de e-con-full e-flex e-con e-child\" data-id=\"20956de\" data-element_type=\"container\">\n\t\t\t\t<div class=\"elementor-element elementor-element-c331368 exad-sticky-section-no exad-glass-effect-no elementor-widget elementor-widget-image\" data-id=\"c331368\" data-element_type=\"widget\" data-widget_type=\"image.default\">\n\t\t\t\t<div class=\"elementor-widget-container\">\n\t\t\t\t\t\t\t\t\t\t\t\t\t\t\t<img decoding=\"async\" width=\"570\" height=\"516\" src=\"https:\/\/elencinar.serverspickandroll.eu\/wp-content\/uploads\/2025\/04\/Frame-107.png\" class=\"attachment-large size-large wp-image-18875\" alt=\"\" srcset=\"https:\/\/elencinar.serverspickandroll.eu\/wp-content\/uploads\/2025\/04\/Frame-107.png 570w, https:\/\/elencinar.serverspickandroll.eu\/wp-content\/uploads\/2025\/04\/Frame-107-300x272.png 300w, https:\/\/elencinar.serverspickandroll.eu\/wp-content\/uploads\/2025\/04\/Frame-107-496x449.png 496w\" sizes=\"(max-width: 570px) 100vw, 570px\" \/>\t\t\t\t\t\t\t\t\t\t\t\t\t\t\t<\/div>\n\t\t\t\t<\/div>\n\t\t\t\t<\/div>\n\t\t\t\t\t<\/div>\n\t\t\t\t<\/div>\n\t\t\t\t\t<\/div>\n\t\t<\/div>\n\t\t\t\t\t<\/div>\n\t\t<\/section>\n\t\t\t\t<section class=\"elementor-section elementor-top-section elementor-element elementor-element-31cf955 elementor-section-content-middle elementor-section-stretched elementor-section-full_width elementor-section-height-default elementor-section-height-default exad-glass-effect-no exad-sticky-section-no\" data-id=\"31cf955\" data-element_type=\"section\" data-settings=\"{&quot;stretch_section&quot;:&quot;section-stretched&quot;,&quot;background_background&quot;:&quot;classic&quot;}\">\n\t\t\t\t\t\t<div class=\"elementor-container elementor-column-gap-wider\">\n\t\t\t\t\t<div class=\"elementor-column elementor-col-100 elementor-top-column elementor-element elementor-element-156cbe4 exad-glass-effect-no exad-sticky-section-no\" data-id=\"156cbe4\" data-element_type=\"column\" data-settings=\"{&quot;background_background&quot;:&quot;slideshow&quot;,&quot;background_slideshow_gallery&quot;:[],&quot;background_slideshow_loop&quot;:&quot;yes&quot;,&quot;background_slideshow_slide_duration&quot;:5000,&quot;background_slideshow_slide_transition&quot;:&quot;fade&quot;,&quot;background_slideshow_transition_duration&quot;:500}\">\n\t\t\t<div class=\"elementor-widget-wrap elementor-element-populated\">\n\t\t\t\t<div class=\"elementor-element elementor-element-452d6ec e-grid e-con-boxed e-con e-parent\" data-id=\"452d6ec\" data-element_type=\"container\">\n\t\t\t\t\t<div class=\"e-con-inner\">\n\t\t<div class=\"elementor-element elementor-element-04ed8c9 e-con-full e-flex e-con e-child\" data-id=\"04ed8c9\" data-element_type=\"container\">\n\t\t\t\t<div class=\"elementor-element elementor-element-26f30da exad-sticky-section-no exad-glass-effect-no elementor-widget elementor-widget-image\" data-id=\"26f30da\" data-element_type=\"widget\" data-widget_type=\"image.default\">\n\t\t\t\t<div class=\"elementor-widget-container\">\n\t\t\t\t\t\t\t\t\t\t\t\t\t\t\t<img decoding=\"async\" width=\"678\" height=\"602\" src=\"https:\/\/elencinar.serverspickandroll.eu\/wp-content\/uploads\/2025\/04\/Frame-104.png\" class=\"attachment-large size-large wp-image-18876\" alt=\"\" srcset=\"https:\/\/elencinar.serverspickandroll.eu\/wp-content\/uploads\/2025\/04\/Frame-104.png 678w, https:\/\/elencinar.serverspickandroll.eu\/wp-content\/uploads\/2025\/04\/Frame-104-300x266.png 300w, https:\/\/elencinar.serverspickandroll.eu\/wp-content\/uploads\/2025\/04\/Frame-104-676x600.png 676w, https:\/\/elencinar.serverspickandroll.eu\/wp-content\/uploads\/2025\/04\/Frame-104-496x440.png 496w\" sizes=\"(max-width: 678px) 100vw, 678px\" \/>\t\t\t\t\t\t\t\t\t\t\t\t\t\t\t<\/div>\n\t\t\t\t<\/div>\n\t\t\t\t<\/div>\n\t\t<div class=\"elementor-element elementor-element-c767c72 e-con-full e-flex e-con e-child\" data-id=\"c767c72\" data-element_type=\"container\">\n\t\t\t\t<div class=\"elementor-element elementor-element-bfedc67 exad-sticky-section-no exad-glass-effect-no elementor-widget elementor-widget-heading\" data-id=\"bfedc67\" data-element_type=\"widget\" data-widget_type=\"heading.default\">\n\t\t\t\t<div class=\"elementor-widget-container\">\n\t\t\t\t\t<h2 class=\"elementor-heading-title elementor-size-default\">El Encinar de los Reyes\nen la actualidad<\/h2>\t\t\t\t<\/div>\n\t\t\t\t<\/div>\n\t\t\t\t<div class=\"elementor-element elementor-element-f3ef5b1 exad-sticky-section-no exad-glass-effect-no elementor-widget elementor-widget-text-editor\" data-id=\"f3ef5b1\" data-element_type=\"widget\" data-widget_type=\"text-editor.default\">\n\t\t\t\t<div class=\"elementor-widget-container\">\n\t\t\t\t\t\t\t\t\t<p>Mucho tiempo ha pasado desde esa \u00e9poca y tras un largo proceso de renovaci\u00f3n, El Encinar de los Reyes se convirti\u00f3 en una de las zonas m\u00e1s exclusivas de Madrid. <strong>De sus casas y adosados de los a\u00f1os 50 surgieron modernas urbanizaciones con las mejores calidades, seguridad y excelentes conexiones<\/strong>, reflejadas en las ic\u00f3nicas fotograf\u00edas de Hisao Suzuki.<\/p>\n<p>Su cercan\u00eda a La Moraleja y su atractivo estilo de vida atrajeron a empresarios y ejecutivos, una tendencia que sigue vigente hoy en d\u00eda. <strong>Actualmente, muchas de estas viviendas se alquilan<\/strong>, manteniendo el prestigio y la exclusividad que siempre han caracterizado a la zona.<\/p>\n\t\t\t\t\t\t\t\t<\/div>\n\t\t\t\t<\/div>\n\t\t\t\t<\/div>\n\t\t\t\t\t<\/div>\n\t\t\t\t<\/div>\n\t\t<div class=\"elementor-element elementor-element-315a6d4 e-flex e-con-boxed e-con e-parent\" data-id=\"315a6d4\" data-element_type=\"container\" data-settings=\"{&quot;background_background&quot;:&quot;classic&quot;}\">\n\t\t\t\t\t<div class=\"e-con-inner\">\n\t\t\t\t<div class=\"elementor-element elementor-element-ff069a0 exad-sticky-section-no exad-glass-effect-no elementor-widget elementor-widget-text-editor\" data-id=\"ff069a0\" data-element_type=\"widget\" data-widget_type=\"text-editor.default\">\n\t\t\t\t<div class=\"elementor-widget-container\">\n\t\t\t\t\t\t\t\t\t<p><b>\u00bfTe gustar\u00eda vivir en El Encinar de los Reyes?<\/b><\/p>\n<p>Descubre nuestros chalets disponibles.<\/p>\t\t\t\t\t\t\t\t<\/div>\n\t\t\t\t<\/div>\n\t\t\t\t<div class=\"elementor-element elementor-element-9362a4b exad-sticky-section-no exad-glass-effect-no elementor-widget elementor-widget-button\" data-id=\"9362a4b\" data-element_type=\"widget\" data-widget_type=\"button.default\">\n\t\t\t\t<div class=\"elementor-widget-container\">\n\t\t\t\t\t\t\t\t\t<div class=\"elementor-button-wrapper\">\n\t\t\t\t\t<a class=\"elementor-button elementor-button-link elementor-size-sm\" href=\"https:\/\/elencinar.serverspickandroll.eu\/en\/alquiler\/\">\n\t\t\t\t\t\t<span class=\"elementor-button-content-wrapper\">\n\t\t\t\t\t\t\t\t\t<span class=\"elementor-button-text\">Chalets en alquiler<\/span>\n\t\t\t\t\t<\/span>\n\t\t\t\t\t<\/a>\n\t\t\t\t<\/div>\n\t\t\t\t\t\t\t\t<\/div>\n\t\t\t\t<\/div>\n\t\t\t\t\t<\/div>\n\t\t\t\t<\/div>\n\t\t\t\t\t<\/div>\n\t\t<\/div>\n\t\t\t\t\t<\/div>\n\t\t<\/section>\n\t\t\t\t<\/div>\n\t\t","protected":false},"excerpt":{"rendered":"<p>VIVIR EN EL ENCINAR Historia del Encinar de los Reyes El Encinar de los Reyes o \u00bfRoyal Oaks? El principio de este lugar que da nombre a nuestro grupo inmobiliario y tambi\u00e9n a toda esta zona, comenz\u00f3 siendo una gran urbanizaci\u00f3n arrendada al ej\u00e9rcito estadounidense, y pas\u00f3 a convertirse desde una \u201cLittle Am\u00e9rica\u201d a una [&hellip;]<\/p>\n","protected":false},"author":1,"featured_media":0,"parent":0,"menu_order":0,"comment_status":"closed","ping_status":"closed","template":"template\/template-homepage.php","meta":{"inline_featured_image":false,"_monsterinsights_skip_tracking":false,"_monsterinsights_sitenote_active":false,"_monsterinsights_sitenote_note":"","_monsterinsights_sitenote_category":0,"footnotes":""},"class_list":["post-19090","page","type-page","status-publish","hentry"],"aioseo_notices":[],"_links":{"self":[{"href":"https:\/\/elencinar.serverspickandroll.eu\/en\/wp-json\/wp\/v2\/pages\/19090","targetHints":{"allow":["GET"]}}],"collection":[{"href":"https:\/\/elencinar.serverspickandroll.eu\/en\/wp-json\/wp\/v2\/pages"}],"about":[{"href":"https:\/\/elencinar.serverspickandroll.eu\/en\/wp-json\/wp\/v2\/types\/page"}],"author":[{"embeddable":true,"href":"https:\/\/elencinar.serverspickandroll.eu\/en\/wp-json\/wp\/v2\/users\/1"}],"replies":[{"embeddable":true,"href":"https:\/\/elencinar.serverspickandroll.eu\/en\/wp-json\/wp\/v2\/comments?post=19090"}],"version-history":[{"count":21,"href":"https:\/\/elencinar.serverspickandroll.eu\/en\/wp-json\/wp\/v2\/pages\/19090\/revisions"}],"predecessor-version":[{"id":20055,"href":"https:\/\/elencinar.serverspickandroll.eu\/en\/wp-json\/wp\/v2\/pages\/19090\/revisions\/20055"}],"wp:attachment":[{"href":"https:\/\/elencinar.serverspickandroll.eu\/en\/wp-json\/wp\/v2\/media?parent=19090"}],"curies":[{"name":"wp","href":"https:\/\/api.w.org\/{rel}","templated":true}]}}